{"id":324,"date":"2021-04-16T10:44:00","date_gmt":"2021-04-16T08:44:00","guid":{"rendered":"http:\/\/wyleczptsd.pl\/?page_id=324"},"modified":"2021-04-16T18:46:47","modified_gmt":"2021-04-16T16:46:47","slug":"ptsd","status":"publish","type":"page","link":"https:\/\/wyleczptsd.pl\/index.php\/ptsd\/","title":{"rendered":"PTSD"},"content":{"rendered":"\t\t<div data-elementor-type=\"wp-page\" data-elementor-id=\"324\" class=\"elementor elementor-324\">\n\t\t\t\t\t\t\t\t\t<section class=\"elementor-section elementor-top-section elementor-element elementor-element-767d2cca elementor-section-boxed elementor-section-height-default elementor-section-height-default\" data-id=\"767d2cca\" data-element_type=\"section\">\n\t\t\t\t\t\t<div class=\"elementor-container elementor-column-gap-default\">\n\t\t\t\t\t<div class=\"elementor-column elementor-col-100 elementor-top-column elementor-element elementor-element-6862c06c\" data-id=\"6862c06c\" data-element_type=\"column\">\n\t\t\t<div class=\"elementor-widget-wrap elementor-element-populated\">\n\t\t\t\t\t\t\t\t<div class=\"elementor-element elementor-element-bdb45b0 elementor-widget elementor-widget-text-editor\" data-id=\"bdb45b0\" data-element_type=\"widget\" data-widget_type=\"text-editor.default\">\n\t\t\t\t<div class=\"elementor-widget-container\">\n\t\t\t\t\t\t\t<p><!-- wp:paragraph --><\/p>\n<h3>Objawy PTSD<\/h3>\n<p><!-- \/wp:paragraph --><!-- wp:paragraph --><\/p>\n<p>Chocia\u017c ka\u017cdy inaczej do\u015bwiadcza PTSD, istniej\u0105 cztery g\u0142\u00f3wne typy objaw\u00f3w:<\/p>\n<ul>\n<li>Ponowne prze\u017cywanie traumatycznego wydarzenia. Cz\u0119sto objawia si\u0119 to retrospekcjami, koszmarami i intensywnymi reakcjami fizycznymi na przypomnienia o wydarzeniu.<\/li>\n<\/ul>\n<p><!-- \/wp:paragraph --><!-- wp:paragraph --><\/p>\n<ul>\n<li>Unikanie wspomnie\u0144 o traumie. Niekt\u00f3rzy nie s\u0105 w stanie zapami\u0119ta\u0107 wa\u017cnych aspekt\u00f3w traumatycznego wydarzenia, inni trac\u0105 zainteresowanie czynno\u015bciami \u017cyciowymi, towarzyskimi i \u017cyciem w og\u00f3le. Jeszcze inni czuj\u0105 si\u0119 odr\u0119twiali emocjonalnie i oderwani od innych w swoim \u017cyciu.<\/li>\n<\/ul>\n<p><!-- \/wp:paragraph --><!-- wp:paragraph --><\/p>\n<ul>\n<li>Depresyjne postrzeganie rzeczywisto\u015bci i obni\u017cony nastr\u00f3j obejmuj\u0105cy r\u00f3\u017cnorodne uczucia, od utrwalonego i wyolbrzymionego poczucia winy po wyobcowania lub znacznie zmniejszone zainteresowania czynno\u015bciami \u017cyciowymi, po niemo\u017cno\u015b\u0107 zapami\u0119tania kluczowych aspekt\u00f3w wydarzenia.<\/li>\n<\/ul>\n<p><!-- \/wp:paragraph --><!-- wp:paragraph --><\/p>\n<ul>\n<li>Pobudzenie charakteryzuje si\u0119 agresywnym, lekkomy\u015blnym lub autodestrukcyjnym zachowaniem, zaburzeniami snu, nadmiern\u0105 czujno\u015bci\u0105 lub podobnymi problemami.<\/li>\n<\/ul>\n<p><!-- \/wp:paragraph --><!-- wp:paragraph --><\/p>\n<h3>Neurologia PTSD<\/h3>\n<p>Zazwyczaj umys\u0142 i cia\u0142o s\u0105 w szoku po traumatycznym do\u015bwiadczeniu. Gdy rozumiemy, co si\u0119 wydarzy\u0142o i jeste\u015bmy w stanie przetwarza\u0107 swoje emocje, mamy szans\u0119 wyj\u015b\u0107 z tego szoku. Jednak w przypadku szczeg\u00f3lnie intensywnego traumatycznego przeci\u0105\u017cenia uk\u0142adu nerwowego (aspekt\u00f3w poznawczych i nat\u0119\u017cenia emocji) przetworzenie takie nie jest mo\u017cliwe i\u00a0 w efekcie uk\u0142ad nerwowy pozostaje niejako w stanie zawieszenia. Nieustannie pr\u00f3buje domkn\u0105\u0107 i przetworzy\u0107 traumatyczn\u0105 sytuacj\u0119, jednak z braku zasob\u00f3w i robi to w spos\u00f3b nieefektywny i zap\u0119tlony. Dlatego osoby z PTSD pozostaj\u0105 niezdolne do kontrolowania bolesnego emocjonalnego i behawioralnego wtargni\u0119cia traumatycznych wspomnie\u0144 do ich \u017cycia.<\/p>\n<p>Dzieje si\u0119 tak, poniewa\u017c na poziomie neurobiologicznym dosz\u0142o do bardzo silnego zespolenia traumatycznych emocji i traumatycznego wspomnienia. Procedura RTM &#8220;gasi po\u017car&#8221;, dzi\u0119ki oddzieleniu traumatycznego wspomnienia od traumatycznych emocji pozwala domkn\u0105\u0107 przetwarzanie traumy i skonsolidowa\u0107 \u015blad pami\u0119ciowy w nowy nietraumatyczny spos\u00f3b.<\/p>\n<p>Po zako\u0144czeniu pracy procedur\u0105 RTM w razie potrzeby istnieje mo\u017cliwo\u015b\u0107 kontynuowania psychoterapii np. w celu egzystencjalnego\u00a0 lub poznawczego uporz\u0105dkowania i nadania sensu swoim do\u015bwiadczeniom. Zazwyczaj nie jest to jednak potrzebne.<\/p>\n<p><!-- \/wp:paragraph --><!-- wp:paragraph --><\/p>\n<h3>Znajd\u017a terapeut\u0119 RTM<\/h3>\n<p>Aktualna lista terapeut\u00f3w znajduje si\u0119 na stronie <a href=\"https:\/\/thertmprotocol.com\/content.aspx?page_id=154&amp;club_id=954411\">https:\/\/thertmprotocol.com\/<\/a><\/p>\n<p>W przysz\u0142o\u015bci stworzymy list\u0119 polskoj\u0119zycznych terapeut\u00f3w RTM. Na chwil\u0119 obecn\u0105 wszelkich informacji udziela Przemek Turkowski, tel.: 603 189 190, przemek [at] betterflow.pl<\/p>\n<p><!-- \/wp:paragraph --><\/p>\t\t\t\t\t\t<\/div>\n\t\t\t\t<\/div>\n\t\t\t\t\t<\/div>\n\t\t<\/div>\n\t\t\t\t\t\t\t<\/div>\n\t\t<\/section>\n\t\t\t\t\t\t\t<\/div>\n\t\t","protected":false},"excerpt":{"rendered":"<p>Objawy PTSD Chocia\u017c ka\u017cdy inaczej do\u015bwiadcza PTSD, istniej\u0105 cztery g\u0142\u00f3wne typy objaw\u00f3w: Ponowne prze\u017cywanie traumatycznego wydarzenia. Cz\u0119sto objawia si\u0119 to retrospekcjami, koszmarami i intensywnymi reakcjami fizycznymi na przypomnienia o wydarzeniu. Unikanie wspomnie\u0144 o traumie. Niekt\u00f3rzy [&hellip;]<\/p>\n","protected":false},"author":1,"featured_media":0,"parent":0,"menu_order":0,"comment_status":"closed","ping_status":"closed","template":"","meta":{"footnotes":""},"class_list":["post-324","page","type-page","status-publish","hentry"],"_links":{"self":[{"href":"https:\/\/wyleczptsd.pl\/index.php\/wp-json\/wp\/v2\/pages\/324","targetHints":{"allow":["GET"]}}],"collection":[{"href":"https:\/\/wyleczptsd.pl\/index.php\/wp-json\/wp\/v2\/pages"}],"about":[{"href":"https:\/\/wyleczptsd.pl\/index.php\/wp-json\/wp\/v2\/types\/page"}],"author":[{"embeddable":true,"href":"https:\/\/wyleczptsd.pl\/index.php\/wp-json\/wp\/v2\/users\/1"}],"replies":[{"embeddable":true,"href":"https:\/\/wyleczptsd.pl\/index.php\/wp-json\/wp\/v2\/comments?post=324"}],"version-history":[{"count":24,"href":"https:\/\/wyleczptsd.pl\/index.php\/wp-json\/wp\/v2\/pages\/324\/revisions"}],"predecessor-version":[{"id":356,"href":"https:\/\/wyleczptsd.pl\/index.php\/wp-json\/wp\/v2\/pages\/324\/revisions\/356"}],"wp:attachment":[{"href":"https:\/\/wyleczptsd.pl\/index.php\/wp-json\/wp\/v2\/media?parent=324"}],"curies":[{"name":"wp","href":"https:\/\/api.w.org\/{rel}","templated":true}]}}