{"id":70,"date":"2018-02-07T09:40:23","date_gmt":"2018-02-07T09:40:23","guid":{"rendered":"https:\/\/www.cssigniter.com\/preview\/blockchain-lite\/?page_id=70"},"modified":"2023-02-21T19:55:37","modified_gmt":"2023-02-21T18:55:37","slug":"szkolenieptsd","status":"publish","type":"page","link":"https:\/\/wyleczptsd.pl\/index.php\/szkolenieptsd\/","title":{"rendered":"Szkolenie z wykorzystania protoko\u0142u Neurolingwistycznej Terapii Traumy w pracy z PTSD"},"content":{"rendered":"\t\t<div data-elementor-type=\"wp-page\" data-elementor-id=\"70\" class=\"elementor elementor-70\">\n\t\t\t\t\t\t\t\t\t<section class=\"elementor-section elementor-top-section elementor-element elementor-element-751ebb3 elementor-section-boxed elementor-section-height-default elementor-section-height-default\" data-id=\"751ebb3\" data-element_type=\"section\">\n\t\t\t\t\t\t<div class=\"elementor-container elementor-column-gap-default\">\n\t\t\t\t\t<div class=\"elementor-column elementor-col-100 elementor-top-column elementor-element elementor-element-ac2f954\" data-id=\"ac2f954\" data-element_type=\"column\">\n\t\t\t<div class=\"elementor-widget-wrap elementor-element-populated\">\n\t\t\t\t\t\t\t\t<div class=\"elementor-element elementor-element-599bd10 elementor-widget elementor-widget-heading\" data-id=\"599bd10\" data-element_type=\"widget\" data-widget_type=\"heading.default\">\n\t\t\t\t<div class=\"elementor-widget-container\">\n\t\t\t<h2 class=\"elementor-heading-title elementor-size-default\">Szkolenie z pracy z PTSD online ZOOM po angielsku dla uczestnik\u00f3w z Polski<\/h2>\t\t<\/div>\n\t\t\t\t<\/div>\n\t\t\t\t\t<\/div>\n\t\t<\/div>\n\t\t\t\t\t\t\t<\/div>\n\t\t<\/section>\n\t\t\t\t<section class=\"elementor-section elementor-top-section elementor-element elementor-element-50c358ca elementor-section-boxed elementor-section-height-default elementor-section-height-default\" data-id=\"50c358ca\" data-element_type=\"section\">\n\t\t\t\t\t\t<div class=\"elementor-container elementor-column-gap-default\">\n\t\t\t\t\t<div class=\"elementor-column elementor-col-100 elementor-top-column elementor-element elementor-element-268f702e\" data-id=\"268f702e\" data-element_type=\"column\">\n\t\t\t<div class=\"elementor-widget-wrap elementor-element-populated\">\n\t\t\t\t\t\t\t\t<div class=\"elementor-element elementor-element-24a28407 elementor-widget elementor-widget-text-editor\" data-id=\"24a28407\" data-element_type=\"widget\" data-widget_type=\"text-editor.default\">\n\t\t\t\t<div class=\"elementor-widget-container\">\n\t\t\t\t\t\t\t<div><p>Rekonsolidacja Traumatycznych Wspomnie\u0144 &#8211; obecnie rozwiajana i badana we wsp\u00f3\u0142pracy z KingsCollege w Londynie pod nazw\u0105 Neurolinguistic Trauma Therapy to zaawansowany protok\u00f3\u0142 do pracy z traum\u0105 i PTSD.\u00a0<\/p><p>Szkolenie b\u0119dzie prowadzone w j\u0119zyku angielskim z udzia\u0142em polskiego co-trenera. Edycja w ca\u0142o\u015bci po polsku planowana jest na jesie\u0144 2023.<\/p><p>Szkolenie obejmuje:<\/p><ul><li>Zaliczenie cz\u0119\u015bci e-learnigowej na platformie teach:ables.<\/li><li>Nast\u0119pnie szkolenie na \u017cywo, online, na platformie ZOOM, odb\u0119dzie si\u0119 w nast\u0119puj\u0105cym porz\u0105dku: 14 marca 13.00-18.00\u00a0 czasu polskiego oraz 15-16 marca, 10.00 &#8211; 18:00 czasu polskiego),<\/li><li>indywidualne rozmowy mentoringowe (w miar\u0119 potrzeby uczestnika) 2 h,<\/li><li>egzamin indywidualny &#8211; ewaluacja w formie prezentacji przypadk\u00f3w (1h).<\/li><\/ul><p>Koszt szkolenia to 350\u00a3 &#8211; szkolenie realizowane jest przez AwakenConsulting &#8211; prowadzi dr Lisa de Rijk.<\/p><p>Szkolenie b\u0119dzie obejmowa\u0142o wszystko, czego b\u0119dzie potrzebowa\u0142 praktyk, aby z sukcesem stosowa\u0107 protok\u00f3\u0142 RTM w swojej pracy.<\/p><\/div><h3><span lang=\"pl\">Program szkolenia zawiera:\u00a0 <\/span><\/h3><ul><li><span lang=\"pl\">Wyja\u015bnienie czym jest rekonsolidacja wspomnie\u0144 i mechanizmy neurobiologiczne le\u017c\u0105ce u jej podstaw. <\/span><\/li><li><span lang=\"pl\">Demonstracja ca\u0142o\u015bciowego protoko\u0142u\u00a0<\/span><\/li><li><span lang=\"pl\">Dok\u0142adne wyja\u015bnienie skryptu leczenia traumy i sposobu korzystania z protoko\u0142u<\/span><\/li><li>Prezentacja kwestionariusza PCL-5 do oceny symptom\u00f3w PTSD.<\/li><li><span lang=\"pl\">Liczne sesje treningowe w trakcie szkolenia\u00a0<\/span><ul><li>protok\u00f3\u0142 jest prezentowany po kawa\u0142ku, tak aby uczestnicy opanowali najpierw elementy zapewniaj\u0105ce bezpiecze\u0144stwo emocjonalne klienta\/pacjenta, a nast\u0119pnie przechodz\u0105 do coraz trudniejszych element\u00f3w,<\/li><li><span lang=\"pl\">\u00a0na koniec szkolenia ka\u017cdy uczestnik zaprezentuje trenerowi co najmniej 1 lub 2 pomy\u015blne protoko\u0142y leczenia. <\/span><\/li><\/ul><\/li><li><span lang=\"pl\">Szkolenie jest prowadzone przez trenera g\u0142\u00f3wnego oraz na ka\u017cdy zesp\u00f3\u0142 \u0107wicz\u0105cy w parach\/tr\u00f3jkach w tzw. pokojach zooma (breaking rooms) przypada jeden wykwalifikowany co-trener. Ka\u017cde \u0107wiczenie jest zatem obserwowane przez\u00a0 praktyka metody, kt\u00f3ry udziela na koniec rozwijaj\u0105cej informacji zwrotnej.<\/span><\/li><\/ul><h3>Certyfikacja:<\/h3><ul><li><span lang=\"pl\">Aby uzyska\u0107 certyfikat, nale\u017cy wzi\u0105\u0107 udzia\u0142, we wszystkich cz\u0119\u015bciach szkolenia, uzyska\u0107 pozytywn\u0105 ewaluacj\u0119 wst\u0119pn\u0105 w czasie pracy na szkoleniu, oraz zaprezentowa\u0107 w rozmowie certyfikacyjnej (ewaluacyjenej) 2 udane przypadki wykorzystania protoko\u0142u &#8211; ju\u017c po uko\u0144czeniu szkolenia. Ka\u017cdy przypadek ma obejmowa\u0107 prac\u0119 z pacjentem\/klientem, w kt\u00f3rej proces teraputyczny trwa przynajmniej 3 sesje, ocen\u0119 stanu pacjenta\/klienta za pomoc\u0105 kwestionariusza PCL-5 przed i po rozpoczeciu terapii. <\/span><\/li><li><span lang=\"pl\">Czas na certyfikacj\u0119 obejmuje 3 miesi\u0105ce od zako\u0144czenia szkolenia<\/span><\/li><\/ul><h3>Cele szkolenia:<\/h3><ul><li>Uczestnik b\u0119dzie rozumia\u0142 czym jest protok\u00f3\u0142; jakie s\u0105 mechanizmy le\u017c\u0105ce u podstaw protoko\u0142u i jakie s\u0105 wskazania\/przeciwskazania do u\u017cywania w pracy z traumatycznymi wspomnieniami.<\/li><li>Uczestnik b\u0119dzie potrafi\u0142 przeprowadzi\u0107 kr\u00f3tk\u0105 ocen\u0119 nat\u0119\u017cenia objaw\u00f3w PTSD i przewidzie\u0107, czy klient jest dobrym kandydatem do leczenia za pomoc\u0105 protoko\u0142u.<\/li><li>Uczestnik wielokrotnie prze\u0107wiczy r\u00f3\u017cne techniki i kroki protoko\u0142u &#8211; uczymy si\u0119 przez do\u015bwiadczenie i powtarzanie, kt\u00f3re pozwala nabiera\u0107 pewno\u015bci. W czasie szkolenia uczestnicy uko\u0144cz\u0105 ca\u0142y protok\u00f3\u0142 na co najmniej 2 osobach. \u0106wiczymy w grupie wykorzystuj\u0105c do\u015bwiadczenie w\u0142asne. Pozwala to dobrze opanowa\u0107 kroki i kluczowe elementy interwencji, nawet wtedy, gdy nie mamy do czynienia z PTSD, a tylko z trudnymi do\u015bwiadczeniami urazowymi (np. wypadek, bycie \u015bwiadkiem wypadku, trudne sytuacje relacyjne, inne trudne do\u015bwiadczenia, kt\u00f3rych przywo\u0142anie wywo\u0142uje emocje o nieprzyjemnym zabarwieniu, etc.).<\/li><li>Uczestnik b\u0119dzie w pe\u0142ni zdolny do zidentyfikowania czy potencjalny pacjent jest odpowiednim kandydatem do leczenia za pomoc\u0105.<\/li><li>Uczestnik b\u0119dzie umia\u0142 pos\u0142u\u017cy\u0107 si\u0119 skal\u0105 SUDS ( Subjective Units of Distress Scale &#8211; jednostki subiektywnej skali stresu) dla klient\u00f3w przed i po leczeniu, aby por\u00f3wna\u0107 emocje przed i po sesji.<\/li><\/ul><h3 dir=\"ltr\" data-placeholder=\"T\u0142umaczenie\"><span lang=\"pl\">Program szkolenia:<\/span><\/h3><ul><li dir=\"ltr\" data-placeholder=\"T\u0142umaczenie\"><span lang=\"pl\">Skuteczne leczenie PTSD w 3-5 sesjach. Narz\u0119dzia potrzebne terapeucie do korzystania z protoko\u0142u. <\/span><\/li><li dir=\"ltr\" data-placeholder=\"T\u0142umaczenie\"><span lang=\"pl\"> Wyja\u015bnienie zasad dzia\u0142ania NLPt Trauma Therapy &#8211; pod\u0142o\u017ce neurobiologiczne. <\/span><\/li><li dir=\"ltr\" data-placeholder=\"T\u0142umaczenie\"><span lang=\"pl\"> Nauka trzech kluczowych umiej\u0119tno\u015bci, na kt\u00f3rych opiera si\u0119 interwencja, czyli:<\/span><ul><li dir=\"ltr\" data-placeholder=\"T\u0142umaczenie\"><span lang=\"pl\"> kalibracji stanu pacjenta, <\/span><\/li><li dir=\"ltr\" data-placeholder=\"T\u0142umaczenie\"><span lang=\"pl\">budowania kontaktu (ang. rapport),<\/span><\/li><li dir=\"ltr\" data-placeholder=\"T\u0142umaczenie\"><span lang=\"pl\">manipulacji tzw. submodalno\u015bciami (czyli cechami obrazu towarzysz\u0105cemu wspomnieniu, takim jak jego wielko\u015b\u0107, jasno\u015b\u0107, nat\u0119\u017cenie barw, pozycja obserwator\/aktor, etc.). <\/span><\/li><\/ul><\/li><li dir=\"ltr\" data-placeholder=\"T\u0142umaczenie\"><span lang=\"pl\"> Demonstracja ca\u0142ej interwencji za pomoc\u0105 protoko\u0142u NLPtTT. <\/span><\/li><li dir=\"ltr\" data-placeholder=\"T\u0142umaczenie\"><span lang=\"pl\"> Dok\u0142adne om\u00f3wienie poszczeg\u00f3lnych cz\u0119\u015bci skryptu NLPtTT, ich funkcji i element\u00f3w, na kt\u00f3re trzeba zwr\u00f3ci\u0107 uwag\u0119, by m\u00f3c bezpiecznie kontynuowa\u0107 interwencj\u0119.<\/span><\/li><li dir=\"ltr\" data-placeholder=\"T\u0142umaczenie\"><span lang=\"pl\">\u0106wiczenie korzystania z NLPtTT. Liczne sesje treningowe w trakcie szkolenia. Celem jest to by ka\u017cdy uczestnik na koniec szkolenia przeszed\u0142 w roli prowadz\u0105cego co najmniej 1 lub 2 ca\u0142o\u015bciowe, zako\u0144czone sukcesem sesje pracy z protoko\u0142em.\u00a0 \u0106wiczenia odbywaj\u0105 si\u0119 w parach, kt\u00f3rym przez ca\u0142y czas towarzyszy mentor, b\u0119d\u0105cy certyfikowanym praktykiem NLPtTT. <\/span><\/li><li dir=\"ltr\" data-placeholder=\"T\u0142umaczenie\"><span lang=\"pl\">Ka\u017cdy uczestnik, kt\u00f3ry odb\u0119dzie szkolenie i we\u017amie udzia\u0142 w \u0107wiczeniach, b\u0119dzie gotowy do korzystania z protoko\u0142u, tak, by m\u00f3g\u0142 przej\u015b\u0107 proces certyfikacji. <\/span><\/li><li dir=\"ltr\" data-placeholder=\"T\u0142umaczenie\"><span lang=\"pl\">Certyfikacja polega na samodzielnym poprowadzeniu W przypadku certyfikacji &#8211; ka\u017cdy praktyk b\u0119dzie pod okiem trenera i uko\u0144czy 2 udane administracje, w tym 3 sesje z ocenami wst\u0119pnymi i ko\u0144cowymi. Zostanie ono uko\u0144czone w ci\u0105gu 3 miesi\u0119cy od szkolenia i jest wliczone w pierwotny koszt.<\/span><\/li><\/ul><h3>Kto mo\u017ce wzi\u0105\u0107 udzia\u0142 w tym szkoleniu:<\/h3><ul><li>Psychoterapeuci (tak\u017ce w trakcie szkolenia, zapraszamy osoby, kt\u00f3re wg wytycznych swojego stowarzyszenia\/szko\u0142y mog\u0105 prowadzi\u0107 ju\u017c praktyk\u0119 pod superwizj\u0105),<\/li><li>psycholodzy pracuj\u0105cy z traum\u0105,\u00a0psychotraumatolodzy,<\/li><li>interwenci kryzysowi,<\/li><li>lekarze psychiatrzy.<\/li><\/ul><h3>Dla kogo:<\/h3><ul><li>Je\u015bli pracujesz z ofiarami wypadk\u00f3w, gwa\u0142t\u00f3w, nadu\u017cy\u0107 seksualnych, ofiarami przemocy, weteranami, osobami, kt\u00f3re wykonywa\u0142y\/wykonuj\u0105 zawody takie jak: stra\u017cak, policjant, lekarz, ratownik medyczny zdob\u0119dziesz cenne narz\u0119dzie do pracy, kt\u00f3re umo\u017cliwi w kr\u00f3tkim czasie pozby\u0107 si\u0119 uci\u0105\u017cliwych objaw\u00f3w i powr\u00f3ci\u0107 do aktywno\u015bci zawodowych, towarzyskich i rodzinnych.<\/li><li>W przypadku potrzeby kontynuacji terapii, klienci s\u0105 bardziej gotowi na pog\u0142\u0119bion\u0105 prac\u0119, poniewa\u017c uci\u0105\u017cliwe symptomy takie jak flashbacki, intruzywne wspomnienia, ruminacje, koszmary senne i zwi\u0105zane z tym k\u0142opoty ze snem, unikanie miejsc i kontekst\u00f3w zwi\u0105zanych z sytuacj\u0105 urazow\u0105 znikaj\u0105 w czasie 3-5 sesji pracy protoko\u0142em.<\/li><\/ul><h3>Gdzie i kiedy?<\/h3><ul><li>Zaliczenie cz\u0119\u015bci e-learnigowej na platformie teach:ables.<\/li><li>Nast\u0119pnie szkolenie na \u017cywo, online, na platformie ZOOM: 14 marca 13.00-18.00 czasu polskiego oraz 15-16 marca, 10.00 &#8211; 18.00 czasu polskiego,<\/li><\/ul><p>Wymagane jest przej\u015bcie etapu wprowadzaj\u0105cego do szkolenia w formie e-learningu (wraz z przej\u015bciem cz\u0119\u015bci testu wiedzy) na platformie &#8216;teach:ables&#8217; (ok 8h) przed przyst\u0105pieniem do treningu live.<\/p><p>Szkolenie b\u0119dzie prowadzone po angielsku i ze wsparciem pracy w\u0142asnej w parach w j\u0119zyku polskim. Uczestnicy otrzymuj\u0105 tak\u017ce protok\u00f3\u0142 pracy po polsku i po angielsku.<\/p><h3>Za ile?<\/h3><p>350GBP<\/p><h3><span style=\"font-family: var( --e-global-typography-text-font-family ), Sans-serif; font-weight: var( --e-global-typography-text-font-weight );\">Prowadz\u0105cy:<\/span><\/h3><h4>dr Lisa de Rijk<\/h4><p><img loading=\"lazy\" decoding=\"async\" src=\"http:\/\/wyleczptsd.pl\/wp-content\/uploads\/2021\/04\/lisa-zdjecie-214x300.jpg\" alt=\"\" width=\"214\" height=\"300\" \/>Dr Lisa de Rijk (Wake) ma ponad 20-letnie do\u015bwiadczenie w pracy w sektorze publicznym, prywatnym i NGO jako psycholog, psychoterapeuta i coach, moderator, trener i superwizor.Autorka ksi\u0105\u017cek \u201eNeurolinguistic Psychotherapy: A Postmodern Perspective\u201d, \u201eRola terapii kr\u00f3tkoterminowej w zaburzeniach wi\u0119zi\u201d,\u00a0 \u201eNLP Principles in Practice\u201d oraz redaktor naczelny ksia\u017cki \u201eKliniczna efektywno\u015b\u0107 neurolingwistycznej psychoterapii\u201d.<\/p><p>Doktorat z psychologii uzyska\u0142a na Uniwersytecie Surrey. Lisa jest psychoterapeut\u0105 akredytowanym przez UKCP; by\u0142a przewodnicz\u0105ca i wiceprzewodnicz\u0105ca UKCP, a w 2013 r. zosta\u0142a honorowym cz\u0142onkiem UKCP. Obecnie Lisa jest\u00a0 Europejskim Dyrektorem ds. Bada\u0144 i Rozwoju w projekcie Research and Recognition po\u015bwi\u0119conym leczeniu PTSD za pomoc\u0105 protoko\u0142u RTM.<\/p><h4>\u00a0<\/h4><h4>Paola Scandurra<\/h4><p><img loading=\"lazy\" decoding=\"async\" src=\"http:\/\/wyleczptsd.pl\/wp-content\/uploads\/2021\/04\/paola-zdjecie-300x300.jpg\" alt=\"\" width=\"300\" height=\"300\" \/>Paola Scandurra jest psychoterapeutk\u0105 i coachem pracuj\u0105cym na co dzie\u0144 w Wielkiej Brytanii.Jest certyfikowanym praktykiem RTM (Certified Practitioner of the Reconsolidation of Traumatic Memories \u2122), absolwentk\u0105 szkole\u0144 Advanced Patterns in Psychotherapy, Integral Eye Movement Therapy (IEMT), NLP Advanced Health Certification, Mental Health First Aid, Applied Neuroscience Certificate , Clean Language and Metaphors, multi Brain Integration Techniques (mBIT) Coach, Master Practitioner i Trainer NLP. Pomaga osobom indywidualnym i zespo\u0142om do\u015bwiadcza\u0107 wzrostu, budowa\u0107 silniejsze wi\u0119zi i leczy\u0107 z trudnych rzeczy w znacz\u0105cy spos\u00f3b.<br \/>Odby\u0142a tak\u017ce ca\u0142o\u015bciowe szkolenie trenerskie z protoko\u0142u RTM i od 2020 roku jest trenerem RTM w obszarze Europy.<\/p><h4>Przemys\u0142aw Turkowski<\/h4><p><img loading=\"lazy\" decoding=\"async\" src=\"http:\/\/wyleczptsd.pl\/wp-content\/uploads\/2021\/04\/przemek-zdjecie-ianlp-225x300.jpeg\" alt=\"\" width=\"225\" height=\"300\" \/>Przemek jest psychologiem z ponad 20-letnim sta\u017cem, psychoterapeut\u0105 pracuj\u0105cym z doros\u0142ymi i m\u0142odzie\u017c\u0105 oraz parami. Szczeg\u00f3lne miejsce \u015br\u00f3d jego zainteresowa\u0144 zajmuj\u0105 biologiczne mechanizmy i procesy le\u017c\u0105ce u podstaw leczenia traumy i powrotu do r\u00f3wnowagi, rezyliencji oraz \u017ca\u0142oby. Jest autorem artyku\u0142\u00f3w na temat neurolingwistycznej psychoterapii w leczeniu zaburze\u0144 l\u0119kowych oraz pracy z \u017ca\u0142ob\u0105 i strat\u0105. Uzyska\u0142 dyplom magistra psychologii\u00a0 i magistra biologii\u00a0 na Uniwersytecie Warszawskim w ramach Mi\u0119dzywydzia\u0142owych Indywidualnych Studi\u00f3w Matematyczno-Przyrodniczych, st\u0105d zainteresowanie zjawiskami na styku psyche i somy. By\u0142y cz\u0142onek zarz\u0105du Polskiego Stowarzyszenia Neurolingwistycznej Psychoterapii, obecnie cz\u0142onek komisji ds. nauki i bada\u0144 tego stowarzyszenia.<\/p><h3>\u00a0<\/h3><h3>Jak si\u0119 zapisa\u0107?<\/h3><p>Wszelkich informacji udziela Przemek Turkowski, tel.: 603 189 190, <a href=\"mailto:przemek@betterflow.pl\">przemek@betterflow.pl<\/a> oraz Lisa de Rijk <a href=\"mailto:lisa@awakenconsulting.co.uk\">lisa@awakenconsulting.co.uk<\/a> <a href=\"https:\/\/www.awakenschool.co.uk\/\">https:\/\/www.awakenschool.co.uk\/<\/a><\/p><h5>\u00a0<\/h5><p>Zapraszamy r\u00f3wnie\u017c do zapoznania si\u0119 z innymi informacjami na angloj\u0119zycznej stronie projektu RTM: <a href=\"https:\/\/thertmprotocol.com\/\">https:\/\/thertmprotocol.com\/<\/a> oraz na stronie g\u0142\u00f3wnej projektu Research&amp;Recognition: <a href=\"http:\/\/researchandrecognition.org\/\">http:\/\/researchandrecognition.org\/<\/a><\/p>\t\t\t\t\t\t<\/div>\n\t\t\t\t<\/div>\n\t\t\t\t\t<\/div>\n\t\t<\/div>\n\t\t\t\t\t\t\t<\/div>\n\t\t<\/section>\n\t\t\t\t\t\t\t<\/div>\n\t\t","protected":false},"excerpt":{"rendered":"<p>Szkolenie z pracy z PTSD online ZOOM po angielsku dla uczestnik\u00f3w z Polski Rekonsolidacja Traumatycznych Wspomnie\u0144 &#8211; obecnie rozwiajana i badana we wsp\u00f3\u0142pracy z KingsCollege w Londynie pod nazw\u0105 Neurolinguistic Trauma Therapy to zaawansowany protok\u00f3\u0142 [&hellip;]<\/p>\n","protected":false},"author":1,"featured_media":0,"parent":0,"menu_order":0,"comment_status":"closed","ping_status":"closed","template":"","meta":{"footnotes":""},"class_list":["post-70","page","type-page","status-publish","hentry"],"_links":{"self":[{"href":"https:\/\/wyleczptsd.pl\/index.php\/wp-json\/wp\/v2\/pages\/70","targetHints":{"allow":["GET"]}}],"collection":[{"href":"https:\/\/wyleczptsd.pl\/index.php\/wp-json\/wp\/v2\/pages"}],"about":[{"href":"https:\/\/wyleczptsd.pl\/index.php\/wp-json\/wp\/v2\/types\/page"}],"author":[{"embeddable":true,"href":"https:\/\/wyleczptsd.pl\/index.php\/wp-json\/wp\/v2\/users\/1"}],"replies":[{"embeddable":true,"href":"https:\/\/wyleczptsd.pl\/index.php\/wp-json\/wp\/v2\/comments?post=70"}],"version-history":[{"count":108,"href":"https:\/\/wyleczptsd.pl\/index.php\/wp-json\/wp\/v2\/pages\/70\/revisions"}],"predecessor-version":[{"id":630,"href":"https:\/\/wyleczptsd.pl\/index.php\/wp-json\/wp\/v2\/pages\/70\/revisions\/630"}],"wp:attachment":[{"href":"https:\/\/wyleczptsd.pl\/index.php\/wp-json\/wp\/v2\/media?parent=70"}],"curies":[{"name":"wp","href":"https:\/\/api.w.org\/{rel}","templated":true}]}}