{"id":72,"date":"2018-02-07T09:40:47","date_gmt":"2018-02-07T09:40:47","guid":{"rendered":"https:\/\/www.cssigniter.com\/preview\/blockchain-lite\/?page_id=72"},"modified":"2022-03-07T17:50:08","modified_gmt":"2022-03-07T16:50:08","slug":"badaniaptsd","status":"publish","type":"page","link":"https:\/\/wyleczptsd.pl\/index.php\/badaniaptsd\/","title":{"rendered":"Badania"},"content":{"rendered":"<div class=\"entry-content-intro\">\n<p>Zapraszamy do zapoznania si\u0119 z badaniami na temat skuteczno\u015bci protoko\u0142u RTM w leczeniu PTSD oraz list\u0105 dost\u0119pnych artyku\u0142\u00f3w.<\/p>\n<\/div>\n<h3>RTM na tle innych metod leczenia PTSD<\/h3>\n<p>Grafika po poni\u017cej przedstawia wyniki pierwszych trzech bada\u0144 nad protoko\u0142em RTM. Uzyskane wyniki zestawiono wynikami bada\u0144 nad metodami opartymi na dowodach, kt\u00f3re s\u0105 obecnie zatwierdzone (w USA) i stosowane przez do leczenia weteran\u00f3w. Rezultaty leczenia mierzono kwestionariuszem PSSI-5, s\u0142u\u017c\u0105cym do opisu nat\u0119\u017cenia objaw\u00f3w PTSD. Zwraca uwag\u0119 nie tylko wysoka skuteczno\u015b\u0107 usuwania objaw\u00f3w PTSD ale i bardzo niski procent wypadni\u0119\u0107 z terapii.<\/p>\n<p><a href=\"http:\/\/wyleczptsd.pl\/wp-content\/uploads\/2021\/04\/RTMpng-555x660.png\" data-lightbox=\"gal[72]\"><img loading=\"lazy\" decoding=\"async\" class=\"wp-image-169  aligncenter\" src=\"http:\/\/wyleczptsd.pl\/wp-content\/uploads\/2021\/04\/RTMpng-252x300.png\" alt=\"\" width=\"366\" height=\"436\" srcset=\"https:\/\/wyleczptsd.pl\/wp-content\/uploads\/2021\/04\/RTMpng-252x300.png 252w, https:\/\/wyleczptsd.pl\/wp-content\/uploads\/2021\/04\/RTMpng-555x660.png 555w, https:\/\/wyleczptsd.pl\/wp-content\/uploads\/2021\/04\/RTMpng-67x80.png 67w, https:\/\/wyleczptsd.pl\/wp-content\/uploads\/2021\/04\/RTMpng-560x666.png 560w, https:\/\/wyleczptsd.pl\/wp-content\/uploads\/2021\/04\/RTMpng.png 650w\" sizes=\"auto, (max-width: 366px) 100vw, 366px\" \/><\/a><\/p>\n<p style=\"text-align: center;\">(kliknij obrazek by obejrze\u0107 w powi\u0119kszeniu)<\/p>\n<p>Dane w tabeli pochodz\u0105 z:\u00a0 Yehuda et al., 2015; Schnurr et al., 2007; Monson, et al., 2006; Forbes et al., 2013; Moreland et al., 2014; Suris et al., 2013; Steenkamp et al. (2015). Pozosta\u0142e dane dotycz\u0105ce RTM pochodz\u0105 z Foa et al. (2018).<\/p>\n<blockquote>\n<p id=\"tw-target-text\" class=\"tw-data-text tw-text-large XcVN5d tw-ta\" dir=\"ltr\" data-placeholder=\"T\u0142umaczenie\"><span class=\"Y2IQFc\" lang=\"pl\">Na badania nad PTSD\u00a0 wydano 900 milion\u00f3w dolar\u00f3w w ci\u0105gu ostatnich dziesi\u0119ciu lat. W swoim najbardziej presti\u017cowym czasopi\u015bmie JAMA, we wrze\u015bniu 2015 r Ameryka\u0144skie Stowarzyszenie Lekarzy zwr\u00f3ci\u0142o uwag\u0119 na nast\u0119puj\u0105cy problem: \u201e\u2026 oko\u0142o dwie trzecie \u017co\u0142nierzy nadal spe\u0142nia\u0142o kryteria diagnozy PTSD po \u201eskutecznym\u201d leczeniu, a jedna czwarta zrezygnowa\u0142a w trakcie\u201d. <\/span><\/p>\n<p class=\"tw-data-text tw-text-large XcVN5d tw-ta\" dir=\"ltr\" data-placeholder=\"T\u0142umaczenie\"><span class=\"Y2IQFc\" lang=\"pl\">Uwa\u017camy, \u017ce wyniki naszych pi\u0119ciu uko\u0144czonych bada\u0144 nad RTM i informacje zwrotne z program\u00f3w szkolenia przynosz\u0105 oczekiwany prze\u0142om zar\u00f3wno pod wzgl\u0119dem skuteczno\u015bci leczenia objaw\u00f3w jak i radykalnego minimalizowania zjawiska rezygnacji z terapii w trakcie jej trwania<\/span>.<\/p>\n<p dir=\"ltr\" style=\"text-align: right;\" data-placeholder=\"T\u0142umaczenie\">dr Frank Bourke<\/p>\n<\/blockquote>\n<h3 style=\"text-align: left;\">RTM w badaniach z wykorzystaniem marker\u00f3w EEG<\/h3>\n<p>Wykres poni\u017cej jest prezentacj\u0105 wst\u0119pnych wynik\u00f3w pilota\u017cowych bada\u0144 neurologicznych przedstawionych przez dr Lewine w Biological Psychiatry Journal. Ciemnoczerwone i niebieskie odcienie w lewym rz\u0119dzie skan\u00f3w przed leczeniem RTM wskazuj\u0105 na nieprawid\u0142owo\u015bci w aktywno\u015bci m\u00f3zgu spowodowane przez PTSD. Ca\u0142kowicie znikn\u0119\u0142y one w skanach po wykonanych pi\u0119\u0107 dni po leczeniu. Jasno turkusowy kolor wskazuje na aktywno\u015b\u0107 m\u00f3zgu mieszcz\u0105c\u0105 si\u0119 w normalnych granicach. Ciemne czerwienie i b\u0142\u0119kity wskazuj\u0105 na odchylenia od stanu normalnegop. Badania s\u0105 prowadzone w laboratorium dr. Jeffa Lewine&#8217;a na Uniwersytecie Nowego Meksyku (USA). <a href=\"http:\/\/researchandrecognition.org\/pdf\/2017\/rtm-neuro-AJP17.pdf\">Przeczytaj artyku\u0142.<\/a><\/p>\n<p style=\"text-align: center;\"><img loading=\"lazy\" decoding=\"async\" class=\"alignleft wp-image-309 size-medium\" src=\"http:\/\/wyleczptsd.pl\/wp-content\/uploads\/2021\/04\/posteegrtm-300x241.png\" alt=\"\" width=\"300\" height=\"241\" srcset=\"https:\/\/wyleczptsd.pl\/wp-content\/uploads\/2021\/04\/posteegrtm-300x241.png 300w, https:\/\/wyleczptsd.pl\/wp-content\/uploads\/2021\/04\/posteegrtm-100x80.png 100w, https:\/\/wyleczptsd.pl\/wp-content\/uploads\/2021\/04\/posteegrtm.png 338w\" sizes=\"auto, (max-width: 300px) 100vw, 300px\" \/> <img loading=\"lazy\" decoding=\"async\" class=\"wp-image-310 size-medium alignnone\" src=\"http:\/\/wyleczptsd.pl\/wp-content\/uploads\/2021\/04\/preeegrtm-300x240.png\" alt=\"\" width=\"300\" height=\"240\" srcset=\"https:\/\/wyleczptsd.pl\/wp-content\/uploads\/2021\/04\/preeegrtm-300x240.png 300w, https:\/\/wyleczptsd.pl\/wp-content\/uploads\/2021\/04\/preeegrtm-100x80.png 100w, https:\/\/wyleczptsd.pl\/wp-content\/uploads\/2021\/04\/preeegrtm.png 346w\" sizes=\"auto, (max-width: 300px) 100vw, 300px\" \/><\/p>\n<h3>Literatura<\/h3>\n<ul>\n<li>Astill Wright, L., Horstmann, L., Holmes, E. A., &amp; Bisson, J. I. (2021). Consolidation\/reconsolidation therapies for the prevention and treatment of PTSD and re-experiencing: a systematic review and meta-analysis.\u00a0<i>Translational psychiatry<\/i>,\u00a0<i>11<\/i>(1), 453. <a href=\"https:\/\/doi.org\/10.1038\/s41398-021-01570-w\">https:\/\/doi.org\/10.1038\/s41398-021-01570-w<\/a><\/li>\n<li>Neil J. Kitchiner, Catrin Lewis, Neil P. Roberts &amp; Jonathan I. Bisson (2019)<br \/>\nActive duty and ex-serving military personnel with post-traumatic stress disorder treated<br \/>\nwith psychological therapies: systematic review and meta-analysis, European Journal of<br \/>\nPsychotraumatology, 10:1, 1684226, DOI: 10.1080\/20008198.2019.1684226<br \/>\nTo link to this article: <a href=\"https:\/\/doi.org\/10.1080\/20008198.2019.1684226\">https:\/\/doi.org\/10.1080\/20008198.2019.1684226<\/a><\/li>\n<li>Foa, E., McLean, C., Zang, Y., Rosenfield, D., Yadin, E., Yarvis, J., \u2026 Peterson, A. (2018).Effect of Prolonged Exposure Therapy Delivered over 2 weeks vs 8 Weeks vs Present-Centered Therapy on PTSD Symptom Severity in Military Personnel. JAMA, 219(4), 354-364. <a href=\"https:\/\/pubmed.ncbi.nlm.nih.gov\/29362795\/\">DOI:10.1001\/jama.2017.21242.<\/a><\/li>\n<li>Gray, R., &amp; Bourke, F. (2015). Remediation of intrusive symptoms of PTSD in fewer than five sessions: A 30- person pre-pilot study of the RTM Protocol. Journal of Military, Veteran and Family Health, 1(2), 85-92. doi: doi:<a href=\"https:\/\/jmvfh.utpjournals.press\/doi\/full\/10.3138\/jmvfh.2996\">10.3138\/jmvfh.3119<\/a><\/li>\n<li>Gray, R., Budden-Potts, D., &amp; Bourke, F. The Reconsolidation of Traumatic Protocol (RTM) for the treatment of PTSD: A randomized waitlist study of 30 female veterans.<a href=\"http:\/\/researchandrecognition.org\/pdf\/2017\/SDFEMALES-submission.pdf\"> In Preparation.<\/a><\/li>\n<li>Gray, Richard, Budden-Potts, Denise, &amp; Bourke, Frank. (2017). Reconsolidation of Traumatic Memories for PTSD: A randomized controlled trial of 74 male veterans. Psychotherapy Research, 1-19. doi: <a href=\"http:\/\/researchandrecognition.org\/pdf\/2017\/75person-NYstudy17.pdf\">10.1080\/10503307.2017.1408973<\/a><\/li>\n<li>Steenkamp, Maria, Litz, Brett, W Hoge, Charles, &amp; Marmar, Charles. (2015). Psychotherapy for Military-Related PTSD A Review of Randomized Clinical Trials. JAMA, 314(15):489-500. <a href=\"https:\/\/pubmed.ncbi.nlm.nih.gov\/26241600\/\">Doi:10.1001\/JAMA.2015.8370<\/a><\/li>\n<li>Tylee, Daniel S., Gray, Richard, Glatt, Stephen J., &amp; Bourke, Frank. (2017). Evaluation of the reconsolidation of traumatic memories protocol for the treatment of PTSD: a randomized, wait-list-controlled trial. Journal of Military, Veteran and Family Health, 3(1), 21-33. doi: <a href=\"https:\/\/jmvfh.utpjournals.press\/doi\/full\/10.3138\/jmvfh.4120\">10.3138\/jmvfh.4120.<\/a><\/li>\n<li>Gray, R. M., &amp; Liotta, R. F. (2012). PTSD: Extinction, Reconsolidation, and the Visual-Kinesthetic Dissociation Protocol.\u00a0<i>Traumatology<\/i>,\u00a0<i>18<\/i>(2), 3\u201316.\u00a0<a href=\"https:\/\/doi.org\/10.1177\/1534765611431835\">https:\/\/doi.org\/10.1177\/1534765611431835<\/a><\/li>\n<li>Schiller D, Monfils MH, Raio CM, Johnson DC, LeDoux JE, Phelps EA. Addendum: Preventing the return of fear in humans using reconsolidation update mechanisms. Nature. 2018 Oct;562(7727):E21. doi: <a href=\"https:\/\/pubmed.ncbi.nlm.nih.gov\/30050064\/\">10.1038\/s41586-018-0405-7<\/a>. Erratum for: Nature. 2010 Jan 7;463(7277):49-53. PMID: 30050064.\n<ul>\n<li>wywiad z prof. Schiller na temat neurobiologicznych mechanizm\u00f3w rekonsolidacji pami\u0119ci <a href=\"https:\/\/www.npr.org\/templates\/story\/story.php?storyId=121343452?storyId=121343452&amp;t=1616764838182\">https:\/\/www.npr.org\/templates\/story\/story.php?storyId=121343452?storyId=121343452&amp;t=1616764838182<\/a><\/li>\n<\/ul>\n<\/li>\n<\/ul>\n","protected":false},"excerpt":{"rendered":"<p>Zapraszamy do zapoznania si\u0119 z badaniami na temat skuteczno\u015bci protoko\u0142u RTM w leczeniu PTSD oraz list\u0105 dost\u0119pnych artyku\u0142\u00f3w. RTM na tle innych metod leczenia PTSD Grafika po poni\u017cej przedstawia wyniki pierwszych trzech bada\u0144 nad protoko\u0142em [&hellip;]<\/p>\n","protected":false},"author":1,"featured_media":0,"parent":0,"menu_order":0,"comment_status":"closed","ping_status":"closed","template":"","meta":{"footnotes":""},"class_list":["post-72","page","type-page","status-publish","hentry"],"_links":{"self":[{"href":"https:\/\/wyleczptsd.pl\/index.php\/wp-json\/wp\/v2\/pages\/72","targetHints":{"allow":["GET"]}}],"collection":[{"href":"https:\/\/wyleczptsd.pl\/index.php\/wp-json\/wp\/v2\/pages"}],"about":[{"href":"https:\/\/wyleczptsd.pl\/index.php\/wp-json\/wp\/v2\/types\/page"}],"author":[{"embeddable":true,"href":"https:\/\/wyleczptsd.pl\/index.php\/wp-json\/wp\/v2\/users\/1"}],"replies":[{"embeddable":true,"href":"https:\/\/wyleczptsd.pl\/index.php\/wp-json\/wp\/v2\/comments?post=72"}],"version-history":[{"count":8,"href":"https:\/\/wyleczptsd.pl\/index.php\/wp-json\/wp\/v2\/pages\/72\/revisions"}],"predecessor-version":[{"id":581,"href":"https:\/\/wyleczptsd.pl\/index.php\/wp-json\/wp\/v2\/pages\/72\/revisions\/581"}],"wp:attachment":[{"href":"https:\/\/wyleczptsd.pl\/index.php\/wp-json\/wp\/v2\/media?parent=72"}],"curies":[{"name":"wp","href":"https:\/\/api.w.org\/{rel}","templated":true}]}}